{"id":747,"date":"2021-02-27T12:59:21","date_gmt":"2021-02-27T12:59:21","guid":{"rendered":"https:\/\/www.hermandadangustiasgranada.es\/gentedeandarporcasa\/?page_id=747"},"modified":"2021-02-27T13:01:41","modified_gmt":"2021-02-27T13:01:41","slug":"presentacion","status":"publish","type":"page","link":"https:\/\/www.hermandadangustiasgranada.es\/gentedeandarporcasa\/presentacion\/","title":{"rendered":"Presentaci\u00f3n"},"content":{"rendered":"<p style=\"text-align: justify;\">\u201cGente de Andar por Casa\u201d es un nuevo servicio web que la Hermandad Sacramental de Nuestra Se\u00f1ora de las Angustias ofrece a sus hermanos y hermanas, a los feligreses de la Bas\u00edlica Parroquial, a los devotos de nuestra Parroquia y en general a las personas interesadas en las historias m\u00e1s \u00edntimas y personales fraguadas en la experiencia diaria de quienes se sienten hijos de una Madre tan generosa y sol\u00edcita.<\/p>\n<p style=\"text-align: justify;\">La primera nota caracter\u00edstica de este elenco de entrevistas que ahora iniciamos es ese rico concepto comunitario. Ciertamente, desde la \u00f3ptica de hermanos, somos conscientes que el caudal de devoci\u00f3n a la Virgen de las Angustias es mucho mayor e impetuoso que la propia actividad y alcance de la Hermandad. Esta verdad asumida nos hace ver ese fen\u00f3meno devocional como un don de Dios, una nuestra de ternura de la Virgen, que enriquece la vida de Granada hasta l\u00edmites insospechados, y en el que la Hermandad cumple digna y estatutariamente su papel pero sin agotar la riqueza de sentimientos filiales que despierta \u201cla que vive en la Carrera\u201d.<\/p>\n<p style=\"text-align: justify;\">Por tanto, desde esa peque\u00f1ez, que es grandeza a la vez, nos disponemos a brindar testimonios vivos y actuales de vidas que se entrecruzan bajo la mirada amorosa de la Reina y Madre de Granada. No otra es la intenci\u00f3n de estas entrevistas: profundizar en el misterio de Mar\u00eda y en su arraigo en el coraz\u00f3n de hombres y mujeres de nuestra tierra (Granada est\u00e1 siempre donde hay un devoto de la Virgen de las Angustias). Y desde esa profundidad confesada, declarada, se nos ofrecen ejemplos de una devoci\u00f3n, a la vez contemplativa y activa, a quienes nos sentimos miembros de una misma familia. Por eso, es muy importante para la Hermandad conocer esos testimonios, que vendr\u00e1n de dentro y de fuera de ella, que evidencian que Nuestra Se\u00f1ora de las Angustias alienta muchos sentimientos nobles, ilumina muchas vidas (como la nuestra, la de cada uno) y transmite experiencias que no han de caer en el olvido, sino, por el contrario, deben fortalecer nuestra propia identidad, nuestro compromiso diario. Conocer mejor esas experiencias nos ayudar\u00e1 a amar m\u00e1s y mejor. No tengo ninguna duda.<\/p>\n<p style=\"text-align: justify;\">Por supuesto, esta iniciativa tiene un origen y un alma, y esta es nuestra Hermana y Camarera Mar\u00eda Dolores Mart\u00ednez Baca. Con ilusi\u00f3n desbordante ha ido perfilando durante meses esta serie de entrevistas, entretejida pon puntadas sencillas y profundas a la vez, derrochando sensibilidad y profesionalidad, que de ambas est\u00e1n bien pertrechada. Es una tarea impagable, que ya mostr\u00f3 sobradamente en la serie de \u201cRelatos de la Pandemia\u201d y que ahora cobra vida en esta nueva iniciativa, muy personal, que la Hermandad, como no puede ser menos, hace suya.<\/p>\n<p style=\"text-align: justify;\">Gracias, por tanto, a ella y gracias a la direcci\u00f3n de nuestra p\u00e1gina web, que abre esta secci\u00f3n propia con la misma vocaci\u00f3n de servicio con la que a diario nos trae las noticias, las actividades y la cercan\u00eda de la Virgen de las Angustias. Las restricciones impuestas a nuestras vidas en el \u00faltimo a\u00f1o nos hacen valorar cada vez m\u00e1s la potencialidad de los medios telem\u00e1ticos. Y as\u00ed, a los muchos servicios que ofrecemos por esta v\u00eda a nuestros hermanos y hermanos, se une ahora este ramillete de testimonios de \u201cGente de Andar por Casa\u201d, que peri\u00f3dicamente se publicar\u00e1n en esta nueva p\u00e1gina.<\/p>\n<p style=\"text-align: justify;\">Seguro que te identificas con muchas de las vivencias que van a desfilar por estas entrevistas. A mayor honra y gloria de Jes\u00fas Sacramentado y de la Virgen Mar\u00eda.<\/p>\n<p style=\"text-align: right;\"><em>El hermano Mayor<\/em><\/p>\n","protected":false},"excerpt":{"rendered":"<p>\u201cGente de Andar por Casa\u201d es un nuevo servicio web que la Hermandad Sacramental de Nuestra Se\u00f1ora de las Angustias ofrece a sus hermanos y hermanas, a los feligreses de la Bas\u00edlica Parroquial, a los devotos de nuestra Parroquia y en general a las personas interesadas en las historias m\u00e1s \u00edntimas y personales fraguadas en [&hellip;]<\/p>\n","protected":false},"author":1,"featured_media":0,"parent":0,"menu_order":0,"comment_status":"closed","ping_status":"closed","template":"","meta":{"_mi_skip_tracking":false},"yoast_head":"<!-- This site is optimized with the Yoast SEO plugin v17.9 - https:\/\/yoast.com\/wordpress\/plugins\/seo\/ -->\n<title>Presentaci\u00f3n - Gente de Andar por Casa<\/title>\n<meta name=\"robots\" content=\"index, follow, max-snippet:-1, max-image-preview:large, max-video-preview:-1\" \/>\n<link rel=\"canonical\" href=\"https:\/\/www.hermandadangustiasgranada.es\/gentedeandarporcasa\/presentacion\/\" \/>\n<meta property=\"og:locale\" content=\"es_ES\" \/>\n<meta property=\"og:type\" content=\"article\" \/>\n<meta property=\"og:title\" content=\"Presentaci\u00f3n - Gente de Andar por Casa\" \/>\n<meta property=\"og:description\" content=\"\u201cGente de Andar por Casa\u201d es un nuevo servicio web que la Hermandad Sacramental de Nuestra Se\u00f1ora de las Angustias ofrece a sus hermanos y hermanas, a los feligreses de la Bas\u00edlica Parroquial, a los devotos de nuestra Parroquia y en general a las personas interesadas en las historias m\u00e1s \u00edntimas y personales fraguadas en [&hellip;]\" \/>\n<meta property=\"og:url\" content=\"https:\/\/www.hermandadangustiasgranada.es\/gentedeandarporcasa\/presentacion\/\" \/>\n<meta property=\"og:site_name\" content=\"Gente de Andar por Casa\" \/>\n<meta property=\"article:modified_time\" content=\"2021-02-27T13:01:41+00:00\" \/>\n<meta name=\"twitter:card\" content=\"summary_large_image\" \/>\n<meta name=\"twitter:label1\" content=\"Tiempo de lectura\" \/>\n\t<meta name=\"twitter:data1\" content=\"3 minutos\" \/>\n<script type=\"application\/ld+json\" class=\"yoast-schema-graph\">{\"@context\":\"https:\/\/schema.org\",\"@graph\":[{\"@type\":\"Organization\",\"@id\":\"https:\/\/www.hermandadangustiasgranada.es\/gentedeandarporcasa\/#organization\",\"name\":\"Hermandad de las Angustias de Granada\",\"url\":\"https:\/\/www.hermandadangustiasgranada.es\/gentedeandarporcasa\/\",\"sameAs\":[],\"logo\":{\"@type\":\"ImageObject\",\"@id\":\"https:\/\/www.hermandadangustiasgranada.es\/gentedeandarporcasa\/#logo\",\"inLanguage\":\"es\",\"url\":\"\",\"contentUrl\":\"\",\"caption\":\"Hermandad de las Angustias de Granada\"},\"image\":{\"@id\":\"https:\/\/www.hermandadangustiasgranada.es\/gentedeandarporcasa\/#logo\"}},{\"@type\":\"WebSite\",\"@id\":\"https:\/\/www.hermandadangustiasgranada.es\/gentedeandarporcasa\/#website\",\"url\":\"https:\/\/www.hermandadangustiasgranada.es\/gentedeandarporcasa\/\",\"name\":\"Gente de Andar por Casa\",\"description\":\"Hermandad Sacramental de la Virgen de las Angustias\",\"publisher\":{\"@id\":\"https:\/\/www.hermandadangustiasgranada.es\/gentedeandarporcasa\/#organization\"},\"potentialAction\":[{\"@type\":\"SearchAction\",\"target\":{\"@type\":\"EntryPoint\",\"urlTemplate\":\"https:\/\/www.hermandadangustiasgranada.es\/gentedeandarporcasa\/?s={search_term_string}\"},\"query-input\":\"required name=search_term_string\"}],\"inLanguage\":\"es\"},{\"@type\":\"WebPage\",\"@id\":\"https:\/\/www.hermandadangustiasgranada.es\/gentedeandarporcasa\/presentacion\/#webpage\",\"url\":\"https:\/\/www.hermandadangustiasgranada.es\/gentedeandarporcasa\/presentacion\/\",\"name\":\"Presentaci\\u00f3n - Gente de Andar por Casa\",\"isPartOf\":{\"@id\":\"https:\/\/www.hermandadangustiasgranada.es\/gentedeandarporcasa\/#website\"},\"datePublished\":\"2021-02-27T12:59:21+00:00\",\"dateModified\":\"2021-02-27T13:01:41+00:00\",\"breadcrumb\":{\"@id\":\"https:\/\/www.hermandadangustiasgranada.es\/gentedeandarporcasa\/presentacion\/#breadcrumb\"},\"inLanguage\":\"es\",\"potentialAction\":[{\"@type\":\"ReadAction\",\"target\":[\"https:\/\/www.hermandadangustiasgranada.es\/gentedeandarporcasa\/presentacion\/\"]}]},{\"@type\":\"BreadcrumbList\",\"@id\":\"https:\/\/www.hermandadangustiasgranada.es\/gentedeandarporcasa\/presentacion\/#breadcrumb\",\"itemListElement\":[{\"@type\":\"ListItem\",\"position\":1,\"name\":\"Portada\",\"item\":\"https:\/\/www.hermandadangustiasgranada.es\/gentedeandarporcasa\/\"},{\"@type\":\"ListItem\",\"position\":2,\"name\":\"Presentaci\\u00f3n\"}]}]}<\/script>\n<!-- \/ Yoast SEO plugin. -->","yoast_head_json":{"title":"Presentaci\u00f3n - Gente de Andar por Casa","robots":{"index":"index","follow":"follow","max-snippet":"max-snippet:-1","max-image-preview":"max-image-preview:large","max-video-preview":"max-video-preview:-1"},"canonical":"https:\/\/www.hermandadangustiasgranada.es\/gentedeandarporcasa\/presentacion\/","og_locale":"es_ES","og_type":"article","og_title":"Presentaci\u00f3n - Gente de Andar por Casa","og_description":"\u201cGente de Andar por Casa\u201d es un nuevo servicio web que la Hermandad Sacramental de Nuestra Se\u00f1ora de las Angustias ofrece a sus hermanos y hermanas, a los feligreses de la Bas\u00edlica Parroquial, a los devotos de nuestra Parroquia y en general a las personas interesadas en las historias m\u00e1s \u00edntimas y personales fraguadas en [&hellip;]","og_url":"https:\/\/www.hermandadangustiasgranada.es\/gentedeandarporcasa\/presentacion\/","og_site_name":"Gente de Andar por Casa","article_modified_time":"2021-02-27T13:01:41+00:00","twitter_card":"summary_large_image","twitter_misc":{"Tiempo de lectura":"3 minutos"},"schema":{"@context":"https:\/\/schema.org","@graph":[{"@type":"Organization","@id":"https:\/\/www.hermandadangustiasgranada.es\/gentedeandarporcasa\/#organization","name":"Hermandad de las Angustias de Granada","url":"https:\/\/www.hermandadangustiasgranada.es\/gentedeandarporcasa\/","sameAs":[],"logo":{"@type":"ImageObject","@id":"https:\/\/www.hermandadangustiasgranada.es\/gentedeandarporcasa\/#logo","inLanguage":"es","url":"","contentUrl":"","caption":"Hermandad de las Angustias de Granada"},"image":{"@id":"https:\/\/www.hermandadangustiasgranada.es\/gentedeandarporcasa\/#logo"}},{"@type":"WebSite","@id":"https:\/\/www.hermandadangustiasgranada.es\/gentedeandarporcasa\/#website","url":"https:\/\/www.hermandadangustiasgranada.es\/gentedeandarporcasa\/","name":"Gente de Andar por Casa","description":"Hermandad Sacramental de la Virgen de las Angustias","publisher":{"@id":"https:\/\/www.hermandadangustiasgranada.es\/gentedeandarporcasa\/#organization"},"potentialAction":[{"@type":"SearchAction","target":{"@type":"EntryPoint","urlTemplate":"https:\/\/www.hermandadangustiasgranada.es\/gentedeandarporcasa\/?s={search_term_string}"},"query-input":"required name=search_term_string"}],"inLanguage":"es"},{"@type":"WebPage","@id":"https:\/\/www.hermandadangustiasgranada.es\/gentedeandarporcasa\/presentacion\/#webpage","url":"https:\/\/www.hermandadangustiasgranada.es\/gentedeandarporcasa\/presentacion\/","name":"Presentaci\u00f3n - Gente de Andar por Casa","isPartOf":{"@id":"https:\/\/www.hermandadangustiasgranada.es\/gentedeandarporcasa\/#website"},"datePublished":"2021-02-27T12:59:21+00:00","dateModified":"2021-02-27T13:01:41+00:00","breadcrumb":{"@id":"https:\/\/www.hermandadangustiasgranada.es\/gentedeandarporcasa\/presentacion\/#breadcrumb"},"inLanguage":"es","potentialAction":[{"@type":"ReadAction","target":["https:\/\/www.hermandadangustiasgranada.es\/gentedeandarporcasa\/presentacion\/"]}]},{"@type":"BreadcrumbList","@id":"https:\/\/www.hermandadangustiasgranada.es\/gentedeandarporcasa\/presentacion\/#breadcrumb","itemListElement":[{"@type":"ListItem","position":1,"name":"Portada","item":"https:\/\/www.hermandadangustiasgranada.es\/gentedeandarporcasa\/"},{"@type":"ListItem","position":2,"name":"Presentaci\u00f3n"}]}]}},"_links":{"self":[{"href":"https:\/\/www.hermandadangustiasgranada.es\/gentedeandarporcasa\/wp-json\/wp\/v2\/pages\/747"}],"collection":[{"href":"https:\/\/www.hermandadangustiasgranada.es\/gentedeandarporcasa\/wp-json\/wp\/v2\/pages"}],"about":[{"href":"https:\/\/www.hermandadangustiasgranada.es\/gentedeandarporcasa\/wp-json\/wp\/v2\/types\/page"}],"author":[{"embeddable":true,"href":"https:\/\/www.hermandadangustiasgranada.es\/gentedeandarporcasa\/wp-json\/wp\/v2\/users\/1"}],"replies":[{"embeddable":true,"href":"https:\/\/www.hermandadangustiasgranada.es\/gentedeandarporcasa\/wp-json\/wp\/v2\/comments?post=747"}],"version-history":[{"count":1,"href":"https:\/\/www.hermandadangustiasgranada.es\/gentedeandarporcasa\/wp-json\/wp\/v2\/pages\/747\/revisions"}],"predecessor-version":[{"id":748,"href":"https:\/\/www.hermandadangustiasgranada.es\/gentedeandarporcasa\/wp-json\/wp\/v2\/pages\/747\/revisions\/748"}],"wp:attachment":[{"href":"https:\/\/www.hermandadangustiasgranada.es\/gentedeandarporcasa\/wp-json\/wp\/v2\/media?parent=747"}],"curies":[{"name":"wp","href":"https:\/\/api.w.org\/{rel}","templated":true}]}}