{"id":304,"date":"2019-04-29T11:42:45","date_gmt":"2019-04-29T11:42:45","guid":{"rendered":"https:\/\/www.hermandadangustiasgranada.es\/tienda\/?page_id=304"},"modified":"2019-04-29T11:42:45","modified_gmt":"2019-04-29T11:42:45","slug":"politica-de-cookies","status":"publish","type":"page","link":"https:\/\/www.hermandadangustiasgranada.es\/tienda\/politica-de-cookies\/","title":{"rendered":"Pol\u00edtica de Cookies"},"content":{"rendered":"\n<p>En Espa\u00f1a, la<strong>&nbsp;Agencia Espa\u00f1ola de Protecci\u00f3n de Datos<\/strong>&nbsp;(AGPD) es la&nbsp;<strong>responsable<\/strong>&nbsp;de imponer sanciones a las empresas que no cumplan con esta obligaci\u00f3n.<\/p>\n\n\n\n<h4>Definici\u00f3n de Cookie<\/h4>\n\n\n\n<p>Una&nbsp;<strong>cookie<\/strong>&nbsp;(o galleta inform\u00e1tica) es una peque\u00f1a informaci\u00f3n enviada por un sitio web y almacenada en el navegador del usuario, de manera que el sitio web puede consultar la actividad previa del usuario.<\/p>\n\n\n\n<p>Sus principales funciones son:<\/p>\n\n\n\n<ul><li>Llevar el control de usuarios: cuando un usuario introduce su nombre de usuario y contrase\u00f1a, se almacena una cookiepara que no tenga que estar introduci\u00e9ndolas para cada p\u00e1gina del servidor. Sin embargo, una cookie no identifica solo a una persona, sino a una combinaci\u00f3n de computador-navegador-usuario.<\/li><li>Conseguir informaci\u00f3n sobre los h\u00e1bitos de navegaci\u00f3n del usuario, e intentos de spyware (programas esp\u00eda), por parte de agencias de publicidad y otros. Esto puede causar problemas de privacidad y es una de las razones por la que las cookiestienen sus detractores.<\/li><\/ul>\n\n\n\n<p>Originalmente, s\u00f3lo pod\u00edan ser almacenadas por petici\u00f3n de un CGI desde el servidor, pero Netscape dio a su lenguaje Javascript la capacidad de introducirlas directamente desde el cliente, sin necesidad de CGIs. En un principio, debido a errores del navegador, esto dio algunos problemas de seguridad. Las cookies pueden ser borradas, aceptadas o bloqueadas seg\u00fan desee, para esto s\u00f3lo debe configurar convenientemente el navegador web<\/p>\n\n\n\n<p><em><strong>Aviso<\/strong>: el uso de cookies es necesario para el correcto funcionamiento de este Sitio Web, acogi\u00e9ndose a las leyes vigentes.<\/em><\/p>\n\n\n\n<p>Al igual que la mayor\u00eda de sitios actuales, utilizamos cookies para facilitar el uso de nuestra web. Las cookies son peque\u00f1os ficheros de informaci\u00f3n que nos permiten comparar y entender c\u00f3mo nuestros usuarios navegan a trav\u00e9s de nuestra p\u00e1gina web, y de esta manera poder mejorar consecuentemente el proceso de navegaci\u00f3n. Puede obtener m\u00e1s informaci\u00f3n sobre las cookies y su uso en www.aboutcookies.org. Los tipos de cookies que utilizamos son:<\/p>\n\n\n\n<ul><li><strong>Cookies propias<\/strong>: El gestor de contenidos sobre el que funciona esta web utiliza cookies para facilitar el acceso y mejorar la navegaci\u00f3n, la gesti\u00f3n de comentarios, la funcionalidad, seguridad y experiencia general del usuario. Por ejemplo, los sistemas de tienda on-line utilizan cookies para gestionar el carrito de la compra o los pedidos.<\/li><li><strong>Cookies para redes sociales<\/strong>: Facebook, Twitter y otras redes sociales necesitan utilizar cookies para reconocerle y poder utilizar sus servicios de publicaci\u00f3n, como por ejemplo el bot\u00f3n \u2018me gusta\u2019.<\/li><li><strong>Cookies para Google Analytics<\/strong>: Los datos recogidos por las cookies de Google Analytics son an\u00f3nimos y solo se usan para valorar la experiencia del usuario en nuestra web y conocer la estad\u00edstica de visitas.<\/li><li>Al visitar nuestra plataforma web, acepta la instalaci\u00f3n de todas estas cookies en su dispositivo electr\u00f3nico.<\/li><\/ul>\n\n\n\n<p>Asimismo, le informamos de que tiene la posibilidad de configurar su navegador de modo que se le avise de la recepci\u00f3n de cookies, pudiendo, si as\u00ed lo desea, impedir que sean instaladas en su disco duro o borrarlas. A continuaci\u00f3n le proporcionamos los enlaces de diversos navegadores, a trav\u00e9s de los cuales podr\u00e1 realizar dicha configuraci\u00f3n si usted as\u00ed lo deseara:<\/p>\n\n\n\n<ul><li><a href=\"https:\/\/support.microsoft.com\/en-us\/help\/17442\/windows-internet-explorer-delete-manage-cookies#ie=ie-10\" target=\"_blank\" rel=\"noreferrer noopener\">Microsoft Internet Explorer<\/a><\/li><li><a href=\"https:\/\/support.google.com\/chrome\/answer\/95647?hl=es\" target=\"_blank\" rel=\"noreferrer noopener\">Google Chrome<\/a><\/li><li><a href=\"http:\/\/help.opera.com\/Windows\/11.50\/es-ES\/cookies.html\" target=\"_blank\" rel=\"noreferrer noopener\">Opera<\/a><\/li><li><a href=\"https:\/\/support.mozilla.org\/es\/kb\/habilitar-y-deshabilitar-cookies-sitios-web-rastrear-preferencias?redirectlocale=es&amp;redirectslug=habilitar-y-deshabilitar-cookies-que-los-sitios-we\" target=\"_blank\" rel=\"noreferrer noopener\">Mozilla&nbsp; Firefox<\/a><\/li><li><a href=\"https:\/\/support.apple.com\/kb\/ph5042?locale=en_US\" target=\"_blank\" rel=\"noreferrer noopener\">Apple Safari<\/a><\/li><\/ul>\n\n\n\n<h4>Tipolog\u00eda, finalidad y funcionamiento de las Cookies en&nbsp; la web de la Hermandad de Nuestra Se\u00f1ora de las Angustias de Granada.<\/h4>\n\n\n\n<table class=\"wp-block-table\"><thead><tr><td><strong>Empresa<\/strong><\/td><td><strong>Dominio<\/strong><\/td><td><strong>Nombre de la cookie<\/strong><\/td><td><strong>Objetivo\/Finalidad<\/strong><\/td><\/tr><\/thead><tbody><tr><td>Hermandad de Nuestra Se\u00f1ora de las Angustias de Granada.<\/td><td>hermandadangustiasgranada.es<\/td><td>User \/ Testab \/ pf \/ VIRTUAL_URL_REFERRER<\/td><td>Estas cookies tienen como finalidad mejorar la navegaci\u00f3n por el sitio web. Unas tienen la caracter\u00edstica que son persistentes y otras \u00fanicamente de sesi\u00f3n<\/td><\/tr><tr><td>Google<\/td><td>Google.com<\/td><td>HSID\/ SID<\/td><td>Son utilizadas por Google para verificar el useraccount y el login m\u00e1s reciente<\/td><\/tr><tr><td>Google<\/td><td>Doubleclick.net<\/td><td>test_cookie<\/td><td>Servicio de publicidad<\/td><\/tr><tr><td>Google<\/td><td>Analytics<\/td><td>__utmv<\/td><td>Utilizada para Google Analytics<\/td><\/tr><tr><td>Twitter<\/td><td>Twitter<\/td><td>guest_id<\/td><td>Utiliza por Twitter para verificar el usuario<\/td><\/tr><tr><td>Facebook<\/td><td>Facebook.com<\/td><td>datr<\/td><td>Utilizada por Faceebook para validar al usuario<\/td><\/tr><\/tbody><\/table>\n\n\n\n<h4>Comunicaci\u00f3n de actividades de car\u00e1cter il\u00edcito e inadecuado.<\/h4>\n\n\n\n<p>En caso de que cualquier usuario del sitio web tuviera conocimiento sobre los links que remiten a p\u00e1ginas cuyos contenidos de las cuales o servicios son il\u00edcitos, nocivos, denigrantes, violentos o contrarios a la moral podr\u00e1 ponerse en contacto con<strong> Hermandad de Nuestra Se\u00f1ora de las Angustias de Granada<\/strong>&nbsp;indicando los siguientes datos: Datos personales del comunicante: nombre, direcci\u00f3n, n\u00famero de tel\u00e9fono y direcci\u00f3n electr\u00f3nica; Descripci\u00f3n de los hechos que revelan el car\u00e1cter il\u00edcito o inadecuado del hiperenlace; en el supuesto de violaci\u00f3n de derechos, tales como la propiedad intelectual e industrial, los datos personales del titular del derecho infringido, cuando sea persona distinta del comunicante. Asimismo, deber\u00e1 aportar el t\u00edtulo que acredite la legitimaci\u00f3n del titular de los derechos y, en su caso, el de representaci\u00f3n para actuar por cuenta del titular cuando sea persona distinta del comunicante; La recepci\u00f3n por parte de<strong> Hermandad de Nuestra Se\u00f1ora de las Angustias de Granada<\/strong>&nbsp;de la comunicaci\u00f3n prevista en esta cl\u00e1usula no supondr\u00e1, seg\u00fan lo dispuesto en la&nbsp;<a href=\"https:\/\/www.boe.es\/buscar\/act.php?id=BOE-A-2002-13758\" target=\"_blank\" rel=\"noreferrer noopener\">Ley 34\/2002 de 11 de julio<\/a>, de servicios de sociedad de la informaci\u00f3n y de comercio electr\u00f3nico, el conocimiento efectivo de las actividades y \/ o contenidos indicados por el comunicante.<\/p>\n\n\n\n<p>La normativa europea exige a los Sitios Web y medios&nbsp;<strong>que el usuario acepte o se oponga a recibir cookies<\/strong>.<\/p>\n","protected":false},"excerpt":{"rendered":"<p>En Espa\u00f1a, la&nbsp;Agencia Espa\u00f1ola de Protecci\u00f3n de Datos&nbsp;(AGPD) es la&nbsp;responsable&nbsp;de imponer sanciones a las empresas que no cumplan con esta obligaci\u00f3n. Definici\u00f3n de Cookie Una&nbsp;cookie&nbsp;(o galleta inform\u00e1tica) es una peque\u00f1a<\/p>\n<div class=\"more-link\">\n             <a href=\"https:\/\/www.hermandadangustiasgranada.es\/tienda\/politica-de-cookies\/\" class=\"btn btn-theme\">Seguir leyendo<i class=\"fa fa-fw fa-long-arrow-right\"><\/i><\/a>\n        <\/div>\n","protected":false},"author":1,"featured_media":0,"parent":0,"menu_order":0,"comment_status":"closed","ping_status":"closed","template":"","meta":{"spay_email":""},"jetpack_sharing_enabled":true,"_links":{"self":[{"href":"https:\/\/www.hermandadangustiasgranada.es\/tienda\/wp-json\/wp\/v2\/pages\/304"}],"collection":[{"href":"https:\/\/www.hermandadangustiasgranada.es\/tienda\/wp-json\/wp\/v2\/pages"}],"about":[{"href":"https:\/\/www.hermandadangustiasgranada.es\/tienda\/wp-json\/wp\/v2\/types\/page"}],"author":[{"embeddable":true,"href":"https:\/\/www.hermandadangustiasgranada.es\/tienda\/wp-json\/wp\/v2\/users\/1"}],"replies":[{"embeddable":true,"href":"https:\/\/www.hermandadangustiasgranada.es\/tienda\/wp-json\/wp\/v2\/comments?post=304"}],"version-history":[{"count":1,"href":"https:\/\/www.hermandadangustiasgranada.es\/tienda\/wp-json\/wp\/v2\/pages\/304\/revisions"}],"predecessor-version":[{"id":305,"href":"https:\/\/www.hermandadangustiasgranada.es\/tienda\/wp-json\/wp\/v2\/pages\/304\/revisions\/305"}],"wp:attachment":[{"href":"https:\/\/www.hermandadangustiasgranada.es\/tienda\/wp-json\/wp\/v2\/media?parent=304"}],"curies":[{"name":"wp","href":"https:\/\/api.w.org\/{rel}","templated":true}]}}