{"id":446,"date":"2020-04-03T18:04:52","date_gmt":"2020-04-03T18:04:52","guid":{"rendered":"https:\/\/www.hermandadangustiasgranada.es\/tienda\/?page_id=446"},"modified":"2021-09-03T10:46:45","modified_gmt":"2021-09-03T10:46:45","slug":"obra-social","status":"publish","type":"page","link":"https:\/\/www.hermandadangustiasgranada.es\/tienda\/","title":{"rendered":"Obra Social"},"content":{"rendered":"\n<h2 class=\"has-text-align-center\">15 de septiembre de 2021<\/h2>\n\n\n\n<h2 class=\"has-text-align-center\"><strong>Festividad de Nuestra Se\u00f1ora de las Angustias<\/strong><\/h2>\n\n\n\n<h2 class=\"has-text-align-center\"><strong><u>OFRENDA FLORAL Y SOLIDARIA A LA PATRONA DE GRANADA<\/u><\/strong><\/h2>\n\n\n<div class=\"su-spacer\" style=\"height:50px\"><\/div>\n\n\n<div class=\"wp-block-columns\">\n<div class=\"wp-block-column\">\n<figure class=\"wp-block-image size-large\"><img loading=\"lazy\" width=\"722\" height=\"1024\" src=\"https:\/\/www.hermandadangustiasgranada.es\/tienda\/wp-content\/uploads\/2021\/08\/2021-cartel-722x1024.jpg\" alt=\"\" class=\"wp-image-858\" srcset=\"https:\/\/www.hermandadangustiasgranada.es\/tienda\/wp-content\/uploads\/2021\/08\/2021-cartel-722x1024.jpg 722w, https:\/\/www.hermandadangustiasgranada.es\/tienda\/wp-content\/uploads\/2021\/08\/2021-cartel-211x300.jpg 211w, https:\/\/www.hermandadangustiasgranada.es\/tienda\/wp-content\/uploads\/2021\/08\/2021-cartel-768x1090.jpg 768w, https:\/\/www.hermandadangustiasgranada.es\/tienda\/wp-content\/uploads\/2021\/08\/2021-cartel-1082x1536.jpg 1082w, https:\/\/www.hermandadangustiasgranada.es\/tienda\/wp-content\/uploads\/2021\/08\/2021-cartel-1443x2048.jpg 1443w, https:\/\/www.hermandadangustiasgranada.es\/tienda\/wp-content\/uploads\/2021\/08\/2021-cartel-600x851.jpg 600w, https:\/\/www.hermandadangustiasgranada.es\/tienda\/wp-content\/uploads\/2021\/08\/2021-cartel.jpg 1709w\" sizes=\"(max-width: 722px) 100vw, 722px\" \/><\/figure>\n<\/div>\n\n\n\n<div class=\"wp-block-column\">\n<p style=\"text-align: justify;\">Durante ese d\u00eda, el templo tendr\u00e1 sus puertas abiertas para contemplar a la Sant\u00edsima Virgen de las Angustias desde el exterior, <strong>desde las 9,30 hasta las 21 horas<\/strong>, salvo en el momento de la Funci\u00f3n en honor a la Virgen de las Angustias, que comenzar\u00e1 a las 12,30 horas.<\/p>\n<p style=\"text-align: justify;\">Los devotos y devotas de Nuestra Se\u00f1ora de las Angustias pueden traer flores para la Virgen y art\u00edculos para los beneficiarios de nuestra Obra Social (alimentos no perecederos, productos de aseo personal\u2026), adem\u00e1s de dejar su aportaci\u00f3n econ\u00f3mica. Los ramos se recoger\u00e1n a las puertas de la Bas\u00edlica y las donaciones en especie o en dinero en el edificio del antiguo Hospital de la Virgen (Carrera de la Virgen esquina con Puente de la Virgen).<\/p>\n<h3 style=\"text-align: center;\"><strong>\u00a1SE RECOMIENDAN LOS DONATIVOS ON LINE!<\/strong><\/h3>\n<\/div>\n<\/div>\n\n\n<p>\u00a0<\/p>\n<div class=\"su-note\"  style=\"border-color:#d080e2;border-radius:5px;-moz-border-radius:5px;-webkit-border-radius:5px;\"><div class=\"su-note-inner su-u-clearfix su-u-trim\" style=\"background-color:#ea9afc;border-color:#ffffff;color:#191717;border-radius:5px;-moz-border-radius:5px;-webkit-border-radius:5px;\">\n<h3>\u00a0<\/h3>\n<h3 class=\"has-text-align-center\"><span style=\"text-decoration: underline;\"><strong>HAZ TU OFRENDA SOLIDARIA A LA PATRONA DE GRANADA<\/strong><\/span><\/h3>\n<p>\u00a0<\/p>\n<p>\u00a0<img loading=\"lazy\" class=\" wp-image-868 aligncenter\" src=\"https:\/\/www.hermandadangustiasgranada.es\/tienda\/wp-content\/uploads\/2021\/08\/WhatsApp-Image-2020-09-15-at-21.48.51-1-300x225.jpeg\" alt=\"\" width=\"664\" height=\"498\" srcset=\"https:\/\/www.hermandadangustiasgranada.es\/tienda\/wp-content\/uploads\/2021\/08\/WhatsApp-Image-2020-09-15-at-21.48.51-1-300x225.jpeg 300w, https:\/\/www.hermandadangustiasgranada.es\/tienda\/wp-content\/uploads\/2021\/08\/WhatsApp-Image-2020-09-15-at-21.48.51-1-1024x768.jpeg 1024w, https:\/\/www.hermandadangustiasgranada.es\/tienda\/wp-content\/uploads\/2021\/08\/WhatsApp-Image-2020-09-15-at-21.48.51-1-768x576.jpeg 768w, https:\/\/www.hermandadangustiasgranada.es\/tienda\/wp-content\/uploads\/2021\/08\/WhatsApp-Image-2020-09-15-at-21.48.51-1-1536x1152.jpeg 1536w, https:\/\/www.hermandadangustiasgranada.es\/tienda\/wp-content\/uploads\/2021\/08\/WhatsApp-Image-2020-09-15-at-21.48.51-1-600x450.jpeg 600w, https:\/\/www.hermandadangustiasgranada.es\/tienda\/wp-content\/uploads\/2021\/08\/WhatsApp-Image-2020-09-15-at-21.48.51-1.jpeg 1600w\" sizes=\"(max-width: 664px) 100vw, 664px\" \/><\/p>\n<div class=\"su-spacer\" style=\"height:20px\"><\/div>\n<div class=\"su-button-center\"><a href=\"https:\/\/www.hermandadangustiasgranada.es\/tienda\/categoria-producto\/ofrenda-solidaria\/\" class=\"su-button su-button-style-default\" style=\"color:#FFFFFF;background-color:#7e096c;border-color:#650857;border-radius:10px;-moz-border-radius:10px;-webkit-border-radius:10px\" target=\"_blank\" rel=\"noopener noreferrer\"><span style=\"color:#FFFFFF;padding:0px 16px;font-size:13px;line-height:26px;border-color:#a55399;border-radius:10px;-moz-border-radius:10px;-webkit-border-radius:10px;text-shadow:0px 0px 2px #000000;-moz-text-shadow:0px 0px 2px #000000;-webkit-text-shadow:0px 0px 2px #000000\"> Acceso a la Ofrenda Solodaria<\/span><\/a><\/div>\n<div class=\"su-spacer\" style=\"height:20px\"><\/div>\n<\/div><\/div>\n<p>\u00a0<\/p>\n<h4 style=\"text-align: justify;\">Tambi\u00e9n pueden hacerse ingresos por transferencia bancaria a la Obra Social en la cuenta de Caja Rural Granada: <strong>ES42 3023 0120 1358 2337 1504.<\/strong><\/h4>\n<p>\u00a0<\/p>\n<h2 style=\"text-align: center;\"><strong>\u00a1Muchas gracias por colaborar!<\/strong><\/h2>\n\n\n<p><\/p>\n","protected":false},"excerpt":{"rendered":"<p>15 de septiembre de 2021 Festividad de Nuestra Se\u00f1ora de las Angustias OFRENDA FLORAL Y SOLIDARIA A LA PATRONA DE GRANADA Durante ese d\u00eda, el templo tendr\u00e1 sus puertas abiertas<\/p>\n<div class=\"more-link\">\n             <a href=\"https:\/\/www.hermandadangustiasgranada.es\/tienda\/\" class=\"btn btn-theme\">Seguir leyendo<i class=\"fa fa-fw fa-long-arrow-right\"><\/i><\/a>\n        <\/div>\n","protected":false},"author":1,"featured_media":0,"parent":0,"menu_order":0,"comment_status":"closed","ping_status":"closed","template":"","meta":{"spay_email":""},"jetpack_sharing_enabled":true,"_links":{"self":[{"href":"https:\/\/www.hermandadangustiasgranada.es\/tienda\/wp-json\/wp\/v2\/pages\/446"}],"collection":[{"href":"https:\/\/www.hermandadangustiasgranada.es\/tienda\/wp-json\/wp\/v2\/pages"}],"about":[{"href":"https:\/\/www.hermandadangustiasgranada.es\/tienda\/wp-json\/wp\/v2\/types\/page"}],"author":[{"embeddable":true,"href":"https:\/\/www.hermandadangustiasgranada.es\/tienda\/wp-json\/wp\/v2\/users\/1"}],"replies":[{"embeddable":true,"href":"https:\/\/www.hermandadangustiasgranada.es\/tienda\/wp-json\/wp\/v2\/comments?post=446"}],"version-history":[{"count":59,"href":"https:\/\/www.hermandadangustiasgranada.es\/tienda\/wp-json\/wp\/v2\/pages\/446\/revisions"}],"predecessor-version":[{"id":875,"href":"https:\/\/www.hermandadangustiasgranada.es\/tienda\/wp-json\/wp\/v2\/pages\/446\/revisions\/875"}],"wp:attachment":[{"href":"https:\/\/www.hermandadangustiasgranada.es\/tienda\/wp-json\/wp\/v2\/media?parent=446"}],"curies":[{"name":"wp","href":"https:\/\/api.w.org\/{rel}","templated":true}]}}